{"id":48,"date":"2025-07-07T16:39:29","date_gmt":"2025-07-07T13:39:29","guid":{"rendered":"https:\/\/sayfalarkitap.com\/?page_id=48"},"modified":"2026-03-24T00:45:05","modified_gmt":"2026-03-23T21:45:05","slug":"calismalarimiz","status":"publish","type":"page","link":"https:\/\/sayfalarkitap.com\/?page_id=48","title":{"rendered":"\u00c7al\u0131\u015fmalar\u0131m\u0131z"},"content":{"rendered":"\t\t<div data-elementor-type=\"wp-page\" data-elementor-id=\"48\" class=\"elementor elementor-48\">\n\t\t\t\t<div class=\"elementor-element elementor-element-fc79c89 e-flex e-con-boxed e-con e-parent\" data-id=\"fc79c89\" data-element_type=\"container\" data-e-type=\"container\">\n\t\t\t\t\t<div class=\"e-con-inner\">\n\t\t<div class=\"elementor-element elementor-element-c1e4ecc e-con-full e-flex e-con e-child\" data-id=\"c1e4ecc\" data-element_type=\"container\" data-e-type=\"container\">\n\t\t\t\t<\/div>\n\t\t<div class=\"elementor-element elementor-element-5ed62ac e-con-full e-flex e-con e-child\" data-id=\"5ed62ac\" data-element_type=\"container\" data-e-type=\"container\">\n\t\t\t\t<div class=\"elementor-element elementor-element-4d554c2 elementor-widget elementor-widget-image\" data-id=\"4d554c2\" data-element_type=\"widget\" data-e-type=\"widget\" data-widget_type=\"image.default\">\n\t\t\t\t\t\t\t\t\t\t\t\t\t\t\t<img fetchpriority=\"high\" decoding=\"async\" width=\"512\" height=\"774\" src=\"https:\/\/sayfalarkitap.com\/wp-content\/uploads\/2026\/03\/IstanbulaSonBakis.png\" class=\"attachment-large size-large wp-image-125\" alt=\"\" srcset=\"https:\/\/sayfalarkitap.com\/wp-content\/uploads\/2026\/03\/IstanbulaSonBakis.png 512w, https:\/\/sayfalarkitap.com\/wp-content\/uploads\/2026\/03\/IstanbulaSonBakis-198x300.png 198w\" sizes=\"(max-width: 512px) 100vw, 512px\" \/>\t\t\t\t\t\t\t\t\t\t\t\t\t\t\t<\/div>\n\t\t\t\t<\/div>\n\t\t\t\t\t<\/div>\n\t\t\t\t<\/div>\n\t\t<div class=\"elementor-element elementor-element-89d5395 e-flex e-con-boxed e-con e-parent\" data-id=\"89d5395\" data-element_type=\"container\" data-e-type=\"container\">\n\t\t\t\t\t<div class=\"e-con-inner\">\n\t\t<div class=\"elementor-element elementor-element-c4cc770 e-con-full e-flex e-con e-child\" data-id=\"c4cc770\" data-element_type=\"container\" data-e-type=\"container\">\n\t\t\t\t<div class=\"elementor-element elementor-element-d30206c elementor-widget elementor-widget-image\" data-id=\"d30206c\" data-element_type=\"widget\" data-e-type=\"widget\" data-widget_type=\"image.default\">\n\t\t\t\t\t\t\t\t\t\t\t\t\t\t\t<img decoding=\"async\" width=\"575\" height=\"840\" src=\"https:\/\/sayfalarkitap.com\/wp-content\/uploads\/2025\/07\/imgKitapSosyolojiyeGirisKapak-575x840-1.jpg\" class=\"attachment-large size-large wp-image-44\" alt=\"\" srcset=\"https:\/\/sayfalarkitap.com\/wp-content\/uploads\/2025\/07\/imgKitapSosyolojiyeGirisKapak-575x840-1.jpg 575w, https:\/\/sayfalarkitap.com\/wp-content\/uploads\/2025\/07\/imgKitapSosyolojiyeGirisKapak-575x840-1-205x300.jpg 205w\" sizes=\"(max-width: 575px) 100vw, 575px\" \/>\t\t\t\t\t\t\t\t\t\t\t\t\t\t\t<\/div>\n\t\t\t\t<\/div>\n\t\t<div class=\"elementor-element elementor-element-cc39339 e-con-full e-flex e-con e-child\" data-id=\"cc39339\" data-element_type=\"container\" data-e-type=\"container\">\n\t\t\t\t<\/div>\n\t\t\t\t\t<\/div>\n\t\t\t\t<\/div>\n\t\t<div class=\"elementor-element elementor-element-11ba293 e-flex e-con-boxed e-con e-parent\" data-id=\"11ba293\" data-element_type=\"container\" data-e-type=\"container\">\n\t\t\t\t\t<div class=\"e-con-inner\">\n\t\t<div class=\"elementor-element elementor-element-e98cd01 e-con-full e-flex e-con e-child\" data-id=\"e98cd01\" data-element_type=\"container\" data-e-type=\"container\">\n\t\t\t\t<\/div>\n\t\t<div class=\"elementor-element elementor-element-404afd7 e-con-full e-flex e-con e-child\" data-id=\"404afd7\" data-element_type=\"container\" data-e-type=\"container\">\n\t\t\t\t<div class=\"elementor-element elementor-element-873796c elementor-widget elementor-widget-image\" data-id=\"873796c\" data-element_type=\"widget\" data-e-type=\"widget\" data-widget_type=\"image.default\">\n\t\t\t\t\t\t\t\t\t\t\t\t\t\t\t<img decoding=\"async\" width=\"575\" height=\"840\" src=\"https:\/\/sayfalarkitap.com\/wp-content\/uploads\/2025\/07\/imgKitapNefestenManayaKapak-575x840-1.jpg\" class=\"attachment-large size-large wp-image-42\" alt=\"\" srcset=\"https:\/\/sayfalarkitap.com\/wp-content\/uploads\/2025\/07\/imgKitapNefestenManayaKapak-575x840-1.jpg 575w, https:\/\/sayfalarkitap.com\/wp-content\/uploads\/2025\/07\/imgKitapNefestenManayaKapak-575x840-1-205x300.jpg 205w\" sizes=\"(max-width: 575px) 100vw, 575px\" \/>\t\t\t\t\t\t\t\t\t\t\t\t\t\t\t<\/div>\n\t\t\t\t<\/div>\n\t\t\t\t\t<\/div>\n\t\t\t\t<\/div>\n\t\t<div class=\"elementor-element elementor-element-1481845 e-flex e-con-boxed e-con e-parent\" data-id=\"1481845\" data-element_type=\"container\" data-e-type=\"container\">\n\t\t\t\t\t<div class=\"e-con-inner\">\n\t\t<div class=\"elementor-element elementor-element-044df6a e-con-full e-flex e-con e-child\" data-id=\"044df6a\" data-element_type=\"container\" data-e-type=\"container\">\n\t\t\t\t<div class=\"elementor-element elementor-element-0a9dc58 elementor-widget elementor-widget-image\" data-id=\"0a9dc58\" data-element_type=\"widget\" data-e-type=\"widget\" data-widget_type=\"image.default\">\n\t\t\t\t\t\t\t\t\t\t\t\t\t\t\t<img loading=\"lazy\" decoding=\"async\" width=\"575\" height=\"840\" src=\"https:\/\/sayfalarkitap.com\/wp-content\/uploads\/2025\/07\/imgKitapYalinHemsirelikKapak-575x840-1.jpg\" class=\"attachment-large size-large wp-image-46\" alt=\"\" srcset=\"https:\/\/sayfalarkitap.com\/wp-content\/uploads\/2025\/07\/imgKitapYalinHemsirelikKapak-575x840-1.jpg 575w, https:\/\/sayfalarkitap.com\/wp-content\/uploads\/2025\/07\/imgKitapYalinHemsirelikKapak-575x840-1-205x300.jpg 205w\" sizes=\"(max-width: 575px) 100vw, 575px\" \/>\t\t\t\t\t\t\t\t\t\t\t\t\t\t\t<\/div>\n\t\t\t\t<\/div>\n\t\t<div class=\"elementor-element elementor-element-e10673e e-con-full e-flex e-con e-child\" data-id=\"e10673e\" data-element_type=\"container\" data-e-type=\"container\">\n\t\t\t\t<\/div>\n\t\t\t\t\t<\/div>\n\t\t\t\t<\/div>\n\t\t<div class=\"elementor-element elementor-element-3ea2782 e-flex e-con-boxed e-con e-parent\" data-id=\"3ea2782\" data-element_type=\"container\" data-e-type=\"container\">\n\t\t\t\t\t<div class=\"e-con-inner\">\n\t\t<div class=\"elementor-element elementor-element-7c5479d e-con-full e-flex e-con e-child\" data-id=\"7c5479d\" data-element_type=\"container\" data-e-type=\"container\">\n\t\t\t\t<\/div>\n\t\t<div class=\"elementor-element elementor-element-b2f61de e-con-full e-flex e-con e-child\" data-id=\"b2f61de\" data-element_type=\"container\" data-e-type=\"container\">\n\t\t\t\t<div class=\"elementor-element elementor-element-3caad54 elementor-widget elementor-widget-image\" data-id=\"3caad54\" data-element_type=\"widget\" data-e-type=\"widget\" data-widget_type=\"image.default\">\n\t\t\t\t\t\t\t\t\t\t\t\t\t\t\t<img loading=\"lazy\" decoding=\"async\" width=\"575\" height=\"840\" src=\"https:\/\/sayfalarkitap.com\/wp-content\/uploads\/2025\/07\/imgKitapYalinSaglikKapak-575x840-1.jpg\" class=\"attachment-large size-large wp-image-49\" alt=\"\" srcset=\"https:\/\/sayfalarkitap.com\/wp-content\/uploads\/2025\/07\/imgKitapYalinSaglikKapak-575x840-1.jpg 575w, https:\/\/sayfalarkitap.com\/wp-content\/uploads\/2025\/07\/imgKitapYalinSaglikKapak-575x840-1-205x300.jpg 205w\" sizes=\"(max-width: 575px) 100vw, 575px\" \/>\t\t\t\t\t\t\t\t\t\t\t\t\t\t\t<\/div>\n\t\t\t\t<\/div>\n\t\t\t\t\t<\/div>\n\t\t\t\t<\/div>\n\t\t<div class=\"elementor-element elementor-element-a07daf1 e-flex e-con-boxed e-con e-parent\" data-id=\"a07daf1\" data-element_type=\"container\" data-e-type=\"container\">\n\t\t\t\t\t<div class=\"e-con-inner\">\n\t\t<div class=\"elementor-element elementor-element-f5e6d3f e-con-full e-flex e-con e-child\" data-id=\"f5e6d3f\" data-element_type=\"container\" data-e-type=\"container\">\n\t\t\t\t<\/div>\n\t\t<div class=\"elementor-element elementor-element-6efb207 e-con-full e-flex e-con e-child\" data-id=\"6efb207\" data-element_type=\"container\" data-e-type=\"container\">\n\t\t\t\t<\/div>\n\t\t\t\t\t<\/div>\n\t\t\t\t<\/div>\n\t\t\t\t<\/div>\n\t\t","protected":false},"excerpt":{"rendered":"","protected":false},"author":1,"featured_media":0,"parent":0,"menu_order":0,"comment_status":"closed","ping_status":"closed","template":"","meta":{"footnotes":""},"class_list":["post-48","page","type-page","status-publish","hentry"],"_links":{"self":[{"href":"https:\/\/sayfalarkitap.com\/index.php?rest_route=\/wp\/v2\/pages\/48","targetHints":{"allow":["GET"]}}],"collection":[{"href":"https:\/\/sayfalarkitap.com\/index.php?rest_route=\/wp\/v2\/pages"}],"about":[{"href":"https:\/\/sayfalarkitap.com\/index.php?rest_route=\/wp\/v2\/types\/page"}],"author":[{"embeddable":true,"href":"https:\/\/sayfalarkitap.com\/index.php?rest_route=\/wp\/v2\/users\/1"}],"replies":[{"embeddable":true,"href":"https:\/\/sayfalarkitap.com\/index.php?rest_route=%2Fwp%2Fv2%2Fcomments&post=48"}],"version-history":[{"count":7,"href":"https:\/\/sayfalarkitap.com\/index.php?rest_route=\/wp\/v2\/pages\/48\/revisions"}],"predecessor-version":[{"id":128,"href":"https:\/\/sayfalarkitap.com\/index.php?rest_route=\/wp\/v2\/pages\/48\/revisions\/128"}],"wp:attachment":[{"href":"https:\/\/sayfalarkitap.com\/index.php?rest_route=%2Fwp%2Fv2%2Fmedia&parent=48"}],"curies":[{"name":"wp","href":"https:\/\/api.w.org\/{rel}","templated":true}]}}