{"id":6,"date":"2025-07-07T09:34:05","date_gmt":"2025-07-07T06:34:05","guid":{"rendered":"https:\/\/sayfalarkitap.com\/?page_id=6"},"modified":"2025-07-07T17:26:55","modified_gmt":"2025-07-07T14:26:55","slug":"ulasim","status":"publish","type":"page","link":"https:\/\/sayfalarkitap.com\/?page_id=6","title":{"rendered":"Ula\u015f\u0131m"},"content":{"rendered":"\t\t<div data-elementor-type=\"wp-post\" data-elementor-id=\"6\" class=\"elementor elementor-6\">\n\t\t\t\t<div class=\"elementor-element elementor-element-16484e4 e-flex e-con-boxed e-con e-parent\" data-id=\"16484e4\" data-element_type=\"container\" data-e-type=\"container\">\n\t\t\t\t\t<div class=\"e-con-inner\">\n\t\t\t\t<div class=\"elementor-element elementor-element-93d6efd elementor-widget elementor-widget-google_maps\" data-id=\"93d6efd\" data-element_type=\"widget\" data-e-type=\"widget\" data-widget_type=\"google_maps.default\">\n\t\t\t\t\t\t\t<div class=\"elementor-custom-embed\">\n\t\t\t<iframe loading=\"lazy\"\n\t\t\t\t\tsrc=\"https:\/\/maps.google.com\/maps?q=Osmana%C4%9Fa%20mahallesi%20Kazasker%20sokak%20Detay%20i%C5%9Fhan%C4%B1%20no%208%20kat%204%20daire%2016%20Kad%C4%B1k%C3%B6y%C2%A0%C4%B0stanbul&#038;t=m&#038;z=15&#038;output=embed&#038;iwloc=near\"\n\t\t\t\t\ttitle=\"Osmana\u011fa mahallesi Kazasker sokak Detay i\u015fhan\u0131 no 8 kat 4 daire 16 Kad\u0131k\u00f6y\u00a0\u0130stanbul\"\n\t\t\t\t\taria-label=\"Osmana\u011fa mahallesi Kazasker sokak Detay i\u015fhan\u0131 no 8 kat 4 daire 16 Kad\u0131k\u00f6y\u00a0\u0130stanbul\"\n\t\t\t><\/iframe>\n\t\t<\/div>\n\t\t\t\t\t\t<\/div>\n\t\t\t\t\t<\/div>\n\t\t\t\t<\/div>\n\t\t<div class=\"elementor-element elementor-element-5eb34cd e-flex e-con-boxed e-con e-parent\" data-id=\"5eb34cd\" data-element_type=\"container\" data-e-type=\"container\">\n\t\t\t\t\t<div class=\"e-con-inner\">\n\t\t\t\t<div class=\"elementor-element elementor-element-543b2c7 elementor-widget elementor-widget-text-editor\" data-id=\"543b2c7\" data-element_type=\"widget\" data-e-type=\"widget\" data-widget_type=\"text-editor.default\">\n\t\t\t\t\t\t\t\t\t<p>Sayfalar Kitap&nbsp;<\/p><p>Osmana\u011fa Mahallesi Kazasker Sokak Detay \u0130\u015fhan\u0131 No 8 Kat 4 Daire 16 Kad\u0131k\u00f6y \u0130stanbul<\/p>\t\t\t\t\t\t\t\t<\/div>\n\t\t\t\t\t<\/div>\n\t\t\t\t<\/div>\n\t\t\t\t<\/div>\n\t\t","protected":false},"excerpt":{"rendered":"<p>Sayfalar Kitap&nbsp; Osmana\u011fa Mahallesi Kazasker Sokak Detay \u0130\u015fhan\u0131 No 8 Kat 4 Daire 16 Kad\u0131k\u00f6y \u0130stanbul<\/p>\n","protected":false},"author":1,"featured_media":0,"parent":0,"menu_order":0,"comment_status":"closed","ping_status":"closed","template":"","meta":{"footnotes":""},"class_list":["post-6","page","type-page","status-publish","hentry"],"_links":{"self":[{"href":"https:\/\/sayfalarkitap.com\/index.php?rest_route=\/wp\/v2\/pages\/6","targetHints":{"allow":["GET"]}}],"collection":[{"href":"https:\/\/sayfalarkitap.com\/index.php?rest_route=\/wp\/v2\/pages"}],"about":[{"href":"https:\/\/sayfalarkitap.com\/index.php?rest_route=\/wp\/v2\/types\/page"}],"author":[{"embeddable":true,"href":"https:\/\/sayfalarkitap.com\/index.php?rest_route=\/wp\/v2\/users\/1"}],"replies":[{"embeddable":true,"href":"https:\/\/sayfalarkitap.com\/index.php?rest_route=%2Fwp%2Fv2%2Fcomments&post=6"}],"version-history":[{"count":11,"href":"https:\/\/sayfalarkitap.com\/index.php?rest_route=\/wp\/v2\/pages\/6\/revisions"}],"predecessor-version":[{"id":73,"href":"https:\/\/sayfalarkitap.com\/index.php?rest_route=\/wp\/v2\/pages\/6\/revisions\/73"}],"wp:attachment":[{"href":"https:\/\/sayfalarkitap.com\/index.php?rest_route=%2Fwp%2Fv2%2Fmedia&parent=6"}],"curies":[{"name":"wp","href":"https:\/\/api.w.org\/{rel}","templated":true}]}}