{"id":8,"date":"2025-07-07T06:15:01","date_gmt":"2025-07-07T06:15:01","guid":{"rendered":"https:\/\/sayfalarkitap.com\/?page_id=8"},"modified":"2025-07-08T23:17:42","modified_gmt":"2025-07-08T20:17:42","slug":"anasayfa","status":"publish","type":"page","link":"https:\/\/sayfalarkitap.com\/","title":{"rendered":"Ana Sayfa"},"content":{"rendered":"\t\t<div data-elementor-type=\"wp-post\" data-elementor-id=\"8\" class=\"elementor elementor-8\">\n\t\t\t\t<div class=\"elementor-element elementor-element-36891d8 e-flex e-con-boxed e-con e-parent\" data-id=\"36891d8\" data-element_type=\"container\" data-e-type=\"container\">\n\t\t\t\t\t<div class=\"e-con-inner\">\n\t\t\t\t<div class=\"elementor-element elementor-element-c0b5c1d elementor-widget elementor-widget-image\" data-id=\"c0b5c1d\" data-element_type=\"widget\" data-e-type=\"widget\" data-widget_type=\"image.default\">\n\t\t\t\t\t\t\t\t\t\t\t\t\t\t\t<img decoding=\"async\" width=\"160\" height=\"160\" src=\"https:\/\/sayfalarkitap.com\/wp-content\/uploads\/2025\/07\/SayfalarKitapLogo-160x160-1.png\" class=\"attachment-large size-large wp-image-94\" alt=\"\" srcset=\"https:\/\/sayfalarkitap.com\/wp-content\/uploads\/2025\/07\/SayfalarKitapLogo-160x160-1.png 160w, https:\/\/sayfalarkitap.com\/wp-content\/uploads\/2025\/07\/SayfalarKitapLogo-160x160-1-150x150.png 150w\" sizes=\"(max-width: 160px) 100vw, 160px\" \/>\t\t\t\t\t\t\t\t\t\t\t\t\t\t\t<\/div>\n\t\t\t\t<div class=\"elementor-element elementor-element-3b52595 elementor-widget elementor-widget-image\" data-id=\"3b52595\" data-element_type=\"widget\" data-e-type=\"widget\" data-widget_type=\"image.default\">\n\t\t\t\t\t\t\t\t\t\t\t\t\t\t\t<img fetchpriority=\"high\" decoding=\"async\" width=\"710\" height=\"123\" src=\"https:\/\/sayfalarkitap.com\/wp-content\/uploads\/2025\/07\/kitaba-dair-hersey-_segoe-script-size-50-bold_.png\" class=\"attachment-large size-large wp-image-113\" alt=\"\" srcset=\"https:\/\/sayfalarkitap.com\/wp-content\/uploads\/2025\/07\/kitaba-dair-hersey-_segoe-script-size-50-bold_.png 710w, https:\/\/sayfalarkitap.com\/wp-content\/uploads\/2025\/07\/kitaba-dair-hersey-_segoe-script-size-50-bold_-300x52.png 300w\" sizes=\"(max-width: 710px) 100vw, 710px\" \/>\t\t\t\t\t\t\t\t\t\t\t\t\t\t\t<\/div>\n\t\t\t\t\t<\/div>\n\t\t\t\t<\/div>\n\t\t<div class=\"elementor-element elementor-element-f90c1c6 e-flex e-con-boxed e-con e-parent\" data-id=\"f90c1c6\" data-element_type=\"container\" data-e-type=\"container\">\n\t\t\t\t\t<div class=\"e-con-inner\">\n\t\t\t\t<div class=\"elementor-element elementor-element-d412876 elementor-arrows-position-inside elementor-pagination-position-outside elementor-widget elementor-widget-image-carousel\" data-id=\"d412876\" data-element_type=\"widget\" data-e-type=\"widget\" data-settings=\"{&quot;slides_to_show&quot;:&quot;1&quot;,&quot;navigation&quot;:&quot;both&quot;,&quot;autoplay&quot;:&quot;yes&quot;,&quot;pause_on_hover&quot;:&quot;yes&quot;,&quot;pause_on_interaction&quot;:&quot;yes&quot;,&quot;autoplay_speed&quot;:5000,&quot;infinite&quot;:&quot;yes&quot;,&quot;effect&quot;:&quot;slide&quot;,&quot;speed&quot;:500}\" data-widget_type=\"image-carousel.default\">\n\t\t\t\t\t\t\t<div class=\"elementor-image-carousel-wrapper swiper\" role=\"region\" aria-roledescription=\"carousel\" aria-label=\"Resim D\u00f6ng\u00fcs\u00fc\" dir=\"ltr\">\n\t\t\t<div class=\"elementor-image-carousel swiper-wrapper swiper-image-stretch\" aria-live=\"off\">\n\t\t\t\t\t\t\t\t<div class=\"swiper-slide\" role=\"group\" aria-roledescription=\"slide\" aria-label=\"1 \/ 3\"><figure class=\"swiper-slide-inner\"><img decoding=\"async\" class=\"swiper-slide-image\" src=\"https:\/\/sayfalarkitap.com\/wp-content\/uploads\/2025\/07\/imtKutuphane03.jpg\" alt=\"imtKutuphane03\" \/><\/figure><\/div><div class=\"swiper-slide\" role=\"group\" aria-roledescription=\"slide\" aria-label=\"2 \/ 3\"><figure class=\"swiper-slide-inner\"><img decoding=\"async\" class=\"swiper-slide-image\" src=\"https:\/\/sayfalarkitap.com\/wp-content\/uploads\/2025\/07\/imtKutuphane02.jpg\" alt=\"imtKutuphane02\" \/><\/figure><\/div><div class=\"swiper-slide\" role=\"group\" aria-roledescription=\"slide\" aria-label=\"3 \/ 3\"><figure class=\"swiper-slide-inner\"><img decoding=\"async\" class=\"swiper-slide-image\" src=\"https:\/\/sayfalarkitap.com\/wp-content\/uploads\/2025\/07\/imtKutuphane01.jpg\" alt=\"imtKutuphane01\" \/><\/figure><\/div>\t\t\t<\/div>\n\t\t\t\t\t\t\t\t\t\t\t\t<div class=\"elementor-swiper-button elementor-swiper-button-prev\" role=\"button\" tabindex=\"0\">\n\t\t\t\t\t\t<svg aria-hidden=\"true\" class=\"e-font-icon-svg e-eicon-chevron-left\" viewBox=\"0 0 1000 1000\" xmlns=\"http:\/\/www.w3.org\/2000\/svg\"><path d=\"M646 125C629 125 613 133 604 142L308 442C296 454 292 471 292 487 292 504 296 521 308 533L604 854C617 867 629 875 646 875 663 875 679 871 692 858 704 846 713 829 713 812 713 796 708 779 692 767L438 487 692 225C700 217 708 204 708 187 708 171 704 154 692 142 675 129 663 125 646 125Z\"><\/path><\/svg>\t\t\t\t\t<\/div>\n\t\t\t\t\t<div class=\"elementor-swiper-button elementor-swiper-button-next\" role=\"button\" tabindex=\"0\">\n\t\t\t\t\t\t<svg aria-hidden=\"true\" class=\"e-font-icon-svg e-eicon-chevron-right\" viewBox=\"0 0 1000 1000\" xmlns=\"http:\/\/www.w3.org\/2000\/svg\"><path d=\"M696 533C708 521 713 504 713 487 713 471 708 454 696 446L400 146C388 133 375 125 354 125 338 125 325 129 313 142 300 154 292 171 292 187 292 204 296 221 308 233L563 492 304 771C292 783 288 800 288 817 288 833 296 850 308 863 321 871 338 875 354 875 371 875 388 867 400 854L696 533Z\"><\/path><\/svg>\t\t\t\t\t<\/div>\n\t\t\t\t\n\t\t\t\t\t\t\t\t\t<div class=\"swiper-pagination\"><\/div>\n\t\t\t\t\t\t\t\t\t<\/div>\n\t\t\t\t\t\t<\/div>\n\t\t\t\t\t<\/div>\n\t\t\t\t<\/div>\n\t\t<div class=\"elementor-element elementor-element-6e9a5b1 e-flex e-con-boxed e-con e-parent\" data-id=\"6e9a5b1\" data-element_type=\"container\" data-e-type=\"container\">\n\t\t\t\t\t<div class=\"e-con-inner\">\n\t\t\t\t<div class=\"elementor-element elementor-element-9bc63e5 elementor-widget elementor-widget-image\" data-id=\"9bc63e5\" data-element_type=\"widget\" data-e-type=\"widget\" data-widget_type=\"image.default\">\n\t\t\t\t\t\t\t\t\t\t\t\t\t\t\t<img decoding=\"async\" width=\"800\" height=\"81\" src=\"https:\/\/sayfalarkitap.com\/wp-content\/uploads\/2025\/07\/calismalarinizi-kitaba-donustururuz-_segoe-script-size-50-bold_-1024x104.png\" class=\"attachment-large size-large wp-image-117\" alt=\"\" srcset=\"https:\/\/sayfalarkitap.com\/wp-content\/uploads\/2025\/07\/calismalarinizi-kitaba-donustururuz-_segoe-script-size-50-bold_-1024x104.png 1024w, https:\/\/sayfalarkitap.com\/wp-content\/uploads\/2025\/07\/calismalarinizi-kitaba-donustururuz-_segoe-script-size-50-bold_-300x31.png 300w, https:\/\/sayfalarkitap.com\/wp-content\/uploads\/2025\/07\/calismalarinizi-kitaba-donustururuz-_segoe-script-size-50-bold_-768x78.png 768w, https:\/\/sayfalarkitap.com\/wp-content\/uploads\/2025\/07\/calismalarinizi-kitaba-donustururuz-_segoe-script-size-50-bold_.png 1373w\" sizes=\"(max-width: 800px) 100vw, 800px\" \/>\t\t\t\t\t\t\t\t\t\t\t\t\t\t\t<\/div>\n\t\t\t\t<div class=\"elementor-element elementor-element-d573fdf elementor-widget elementor-widget-text-editor\" data-id=\"d573fdf\" data-element_type=\"widget\" data-e-type=\"widget\" data-widget_type=\"text-editor.default\">\n\t\t\t\t\t\t\t\t\t<p>Akademik ara\u015ft\u0131rmalar, y\u00fcksek lisans ve doktora tezleri, makaleler, \u015fiir ve edebi metinler; alan\u0131nda uzman akademik dan\u0131\u015fmanlar ve deneyimli edit\u00f6rlerimiz taraf\u0131ndan titizlikle de\u011ferlendirilir.<br \/>\u0130\u00e7eri\u011finiz, yay\u0131na haz\u0131rl\u0131k s\u00fcreci, edit\u00f6ryel destek ve kitapla\u015ft\u0131rma hizmetlerimiz sayesinde profesyonel bir yay\u0131n olu\u015fur.<br \/>Tezden kitaba, ara\u015ft\u0131rmadan yay\u0131na uzanan bu s\u00fcre\u00e7te sizinle birlikte y\u00fcr\u00fcr\u00fcz.<\/p><p>\u00a0<\/p>\t\t\t\t\t\t\t\t<\/div>\n\t\t\t\t\t<\/div>\n\t\t\t\t<\/div>\n\t\t<div class=\"elementor-element elementor-element-9def8d9 e-flex e-con-boxed e-con e-parent\" data-id=\"9def8d9\" data-element_type=\"container\" data-e-type=\"container\">\n\t\t\t\t\t<div class=\"e-con-inner\">\n\t\t\t\t\t<\/div>\n\t\t\t\t<\/div>\n\t\t<div class=\"elementor-element elementor-element-7652007 e-grid e-con-boxed e-con e-parent\" data-id=\"7652007\" data-element_type=\"container\" data-e-type=\"container\">\n\t\t\t\t\t<div class=\"e-con-inner\">\n\t\t\t\t<div class=\"elementor-element elementor-element-45da490 elementor-widget elementor-widget-image\" data-id=\"45da490\" data-element_type=\"widget\" data-e-type=\"widget\" data-widget_type=\"image.default\">\n\t\t\t\t\t\t\t\t\t\t\t\t\t\t\t\t<a href=\"mailto:merhaba@sayfalarkitap.com\" target=\"_blank\">\n\t\t\t\t\t\t\t<img loading=\"lazy\" decoding=\"async\" width=\"61\" height=\"61\" src=\"https:\/\/sayfalarkitap.com\/wp-content\/uploads\/2025\/07\/imgIconEmail-61x61-1.png\" class=\"attachment-large size-large wp-image-56\" alt=\"\" \/>\t\t\t\t\t\t\t\t<\/a>\n\t\t\t\t\t\t\t\t\t\t\t\t\t\t\t<\/div>\n\t\t\t\t<div class=\"elementor-element elementor-element-8645702 elementor-widget elementor-widget-image\" data-id=\"8645702\" data-element_type=\"widget\" data-e-type=\"widget\" data-widget_type=\"image.default\">\n\t\t\t\t\t\t\t\t\t\t\t\t\t\t\t<img loading=\"lazy\" decoding=\"async\" width=\"61\" height=\"61\" src=\"https:\/\/sayfalarkitap.com\/wp-content\/uploads\/2025\/07\/imgIconFacebook-61x61-1.png\" class=\"attachment-large size-large wp-image-57\" alt=\"\" \/>\t\t\t\t\t\t\t\t\t\t\t\t\t\t\t<\/div>\n\t\t\t\t<div class=\"elementor-element elementor-element-9895fa7 elementor-widget elementor-widget-image\" data-id=\"9895fa7\" data-element_type=\"widget\" data-e-type=\"widget\" data-widget_type=\"image.default\">\n\t\t\t\t\t\t\t\t\t\t\t\t\t\t\t\t<a href=\"https:\/\/www.instagram.com\/argumankitap\/#\" target=\"_blank\">\n\t\t\t\t\t\t\t<img loading=\"lazy\" decoding=\"async\" width=\"61\" height=\"61\" src=\"https:\/\/sayfalarkitap.com\/wp-content\/uploads\/2025\/07\/imgIconInstagram-61x61-1.png\" class=\"attachment-large size-large wp-image-58\" alt=\"\" \/>\t\t\t\t\t\t\t\t<\/a>\n\t\t\t\t\t\t\t\t\t\t\t\t\t\t\t<\/div>\n\t\t\t\t<div class=\"elementor-element elementor-element-925bf52 elementor-widget elementor-widget-image\" data-id=\"925bf52\" data-element_type=\"widget\" data-e-type=\"widget\" data-widget_type=\"image.default\">\n\t\t\t\t\t\t\t\t\t\t\t\t\t\t\t\t<a href=\"https:\/\/wa.me\/905077510049\">\n\t\t\t\t\t\t\t<img loading=\"lazy\" decoding=\"async\" width=\"61\" height=\"61\" src=\"https:\/\/sayfalarkitap.com\/wp-content\/uploads\/2025\/07\/imgIconWhatsapp-61x61-1.png\" class=\"attachment-large size-large wp-image-59\" alt=\"\" \/>\t\t\t\t\t\t\t\t<\/a>\n\t\t\t\t\t\t\t\t\t\t\t\t\t\t\t<\/div>\n\t\t\t\t<div class=\"elementor-element elementor-element-0b74341 elementor-widget elementor-widget-image\" data-id=\"0b74341\" data-element_type=\"widget\" data-e-type=\"widget\" data-widget_type=\"image.default\">\n\t\t\t\t\t\t\t\t\t\t\t\t\t\t\t\t<a href=\"https:\/\/x.com\/ArgumanKitap\" target=\"_blank\">\n\t\t\t\t\t\t\t<img loading=\"lazy\" decoding=\"async\" width=\"61\" height=\"61\" src=\"https:\/\/sayfalarkitap.com\/wp-content\/uploads\/2025\/07\/imgIconX-61x61-1.png\" class=\"attachment-large size-large wp-image-60\" alt=\"\" \/>\t\t\t\t\t\t\t\t<\/a>\n\t\t\t\t\t\t\t\t\t\t\t\t\t\t\t<\/div>\n\t\t\t\t<div class=\"elementor-element elementor-element-11d80b3 elementor-widget elementor-widget-image\" data-id=\"11d80b3\" data-element_type=\"widget\" data-e-type=\"widget\" data-widget_type=\"image.default\">\n\t\t\t\t\t\t\t\t\t\t\t\t\t\t\t<img loading=\"lazy\" decoding=\"async\" width=\"61\" height=\"61\" src=\"https:\/\/sayfalarkitap.com\/wp-content\/uploads\/2025\/07\/imgIconYouTube-61x61-1.png\" class=\"attachment-large size-large wp-image-61\" alt=\"\" \/>\t\t\t\t\t\t\t\t\t\t\t\t\t\t\t<\/div>\n\t\t\t\t\t<\/div>\n\t\t\t\t<\/div>\n\t\t\t\t<\/div>\n\t\t","protected":false},"excerpt":{"rendered":"<p>Akademik ara\u015ft\u0131rmalar, y\u00fcksek lisans ve doktora tezleri, makaleler, \u015fiir ve edebi metinler; alan\u0131nda uzman akademik dan\u0131\u015fmanlar ve deneyimli edit\u00f6rlerimiz taraf\u0131ndan titizlikle de\u011ferlendirilir.\u0130\u00e7eri\u011finiz, yay\u0131na haz\u0131rl\u0131k s\u00fcreci, edit\u00f6ryel destek ve kitapla\u015ft\u0131rma hizmetlerimiz sayesinde profesyonel bir yay\u0131n olu\u015fur.Tezden kitaba, ara\u015ft\u0131rmadan yay\u0131na uzanan bu s\u00fcre\u00e7te sizinle birlikte y\u00fcr\u00fcr\u00fcz. \u00a0<\/p>\n","protected":false},"author":1,"featured_media":93,"parent":0,"menu_order":0,"comment_status":"closed","ping_status":"closed","template":"","meta":{"footnotes":""},"class_list":["post-8","page","type-page","status-publish","has-post-thumbnail","hentry"],"_links":{"self":[{"href":"https:\/\/sayfalarkitap.com\/index.php?rest_route=\/wp\/v2\/pages\/8","targetHints":{"allow":["GET"]}}],"collection":[{"href":"https:\/\/sayfalarkitap.com\/index.php?rest_route=\/wp\/v2\/pages"}],"about":[{"href":"https:\/\/sayfalarkitap.com\/index.php?rest_route=\/wp\/v2\/types\/page"}],"author":[{"embeddable":true,"href":"https:\/\/sayfalarkitap.com\/index.php?rest_route=\/wp\/v2\/users\/1"}],"replies":[{"embeddable":true,"href":"https:\/\/sayfalarkitap.com\/index.php?rest_route=%2Fwp%2Fv2%2Fcomments&post=8"}],"version-history":[{"count":58,"href":"https:\/\/sayfalarkitap.com\/index.php?rest_route=\/wp\/v2\/pages\/8\/revisions"}],"predecessor-version":[{"id":120,"href":"https:\/\/sayfalarkitap.com\/index.php?rest_route=\/wp\/v2\/pages\/8\/revisions\/120"}],"wp:featuredmedia":[{"embeddable":true,"href":"https:\/\/sayfalarkitap.com\/index.php?rest_route=\/wp\/v2\/media\/93"}],"wp:attachment":[{"href":"https:\/\/sayfalarkitap.com\/index.php?rest_route=%2Fwp%2Fv2%2Fmedia&parent=8"}],"curies":[{"name":"wp","href":"https:\/\/api.w.org\/{rel}","templated":true}]}}